{"id":1280,"date":"2013-05-02T20:06:34","date_gmt":"2013-05-02T20:06:34","guid":{"rendered":"http:\/\/tbleipzig.blogsport.eu\/?page_id=2"},"modified":"2025-09-06T21:08:47","modified_gmt":"2025-09-06T19:08:47","slug":"about","status":"publish","type":"page","link":"https:\/\/tierbefreier.org\/tbleipzig\/about\/","title":{"rendered":"Selbstverst\u00e4ndnis"},"content":{"rendered":"<p>Wir, die Tierbefreier*innen Leipzig sind eine Ortsgruppe des <a href=\"https:\/\/tierbefreier.org\/\" target=\"_blank\" rel=\"noopener noreferrer\">tierbefreier*innen e.V.<\/a>, der seit inzwischen schon 40 Jahren f\u00fcr die \u00dcberwindung jeglicher Tierausbeutung k\u00e4mpft.<\/p>\n<p><strong>Unsere Motivation<\/strong><br \/>\nIn unserer heutigen, kapitalistischen Gesellschaft erscheinen nichtmenschliche Tiere nicht als Individuen sondern als Waren und sind der Verf\u00fcgungsgewalt der Menschen meist v\u00f6llig wehrlos ausgeliefert. So genannte \u201cNutztiere\u201d werden milliardenfach gez\u00fcchtet, gem\u00e4stet und geschlachtet. Meerestiere werden billionenfach aus den Ozeanen gefangen und get\u00f6tet. Sie werden in Laboren gequ\u00e4lt und in Pelzfarmen geh\u00e4utet. Sie werden in Zoos zur Schau gestellt und in Zirkussen zu gesundheitsgef\u00e4hrdenden Bewegungen gezwungen. Sie vegetieren in Privatwohnungen als so genannte \u201eHaustiere\u201c vor sich hin oder werden zu Sportger\u00e4ten degradiert. Die nat\u00fcrlichen Lebensr\u00e4ume freilebender Tiere werden immer weiter zerst\u00f6rt und damit auch die in ihnen lebenden Tiere get\u00f6tet.<\/p>\n<p><strong>Aktionskontext<\/strong><br \/>\nDie Tierbefreiungsbewegung hat eine breite Palette an Aktionsformen, die von Aufkl\u00e4rungs- und \u00d6ffentlichkeitsarbeit, zivilem Ungehorsam, direkten Tierbefreiungen und Sabotage von Tierausbeutungseinrichtungen reicht. Wir, die Tierbefreier*innen Leipzig beteiligen uns aktiv an nicht kriminalisierten Aktionsformen, solidarisieren uns aber mit Menschen oder Gruppen die andere Aktionsformen w\u00e4hlen. Wir organisieren Kundgebungen gegen unterschiedliche Formen von Tierausbeutung in Leipzig. Dar\u00fcber hinaus veranstalten wir Vortr\u00e4ge zu Theorie und Praxis der Tierbefreiungsbwegung.<\/p>\n<p><strong>Bezug zu Tierrechten und Abgrenzung zum Tierschutz<\/strong><br \/>\nAls Teil der weltweit agierenden Tierbefreiungsbewegung k\u00e4mpfen wir daf\u00fcr, dass nichtmenschliche Tiere als eigenst\u00e4ndige, empfindungsf\u00e4hige Individuen mit eigenen Bed\u00fcrfnissen, Interessen und Zielen anerkannt werden. Jegliche Form der Haltung, Ausbeutung und T\u00f6tung von Tieren lehnen wir ab. Tiere sind keine Ware, kein Eigentum und keine Ressourcen oder Produktionsmittel. So etwas wie eine \u201eartgerechte Haltung\u201c und Nutzung von Tieren kann es nicht geben, da hierbei immer menschliche Interessen \u00fcber die der nichtmenschlichen Tiere gestellt werden. Wir wollen, dass die Gesellschaft sich nach ihren M\u00f6glichkeiten so einrichtet, dass die vielf\u00e4ltigen Interessen und Bed\u00fcrfnisse freilebender Tiere bei Bauma\u00dfnahmen, Infrastruktur und Landwirtschaft ber\u00fccksichtigt werden.<br \/>\nKlassische Forderungen des Tierschutzes, etwa nach gr\u00f6\u00dferen K\u00e4figen, sehen wir kritisch, da deren Durchsetzung auf der einen Seite f\u00fcr die betroffenen tierlichen Individuen meist nur eine v\u00f6llig marginale Ver\u00e4nderung ihrer miserablen Situation bedeutet, sie auf der anderen Seite aber im gesellschaftlichen Diskurs zur Gewissensberuhigung beitr\u00e4gt, indem die \u201everbesserten\u201c Haltungsbedingungen dann als akzeptabel erscheinen und entsprechende Labels auch noch zur Steigerung der Profite der Tierindustrie beitragen. Auch die Forderung nach Tierrechten sehen wir nur als eine von vielen Strategien auf dem Weg zur Befreiung der Tiere und nicht als L\u00f6sung schlechthin. Denn der Rechtsstaat selbst ist eine Herrschaftsinstitution, die auf Kriegen, Ausgrenzung und Ausbeutung basiert.<\/p>\n<p><strong>Anspruch der Intersektionalit\u00e4t<\/strong><br \/>\nEine wirkliche Befreiung aller Tiere, also auch der Menschen, kann nur jenseits von Staat, Nation und Marktwirtschaft, jenseits von Territorialgrenzen, Nationalismus und Kapitalismus stattfinden. F\u00fcr uns h\u00f6rt die Befreiung nicht bei nichtmenschlichen Tieren auf. Wir lehnen Strategien ab, die andere Unterdr\u00fcckungsmechanismen und Herrschaftsverh\u00e4ltnisse, wie etwa Sexismus oder Rassismus, reproduzieren. Unser Ansatz ist intersektional und radikal herrschaftskritisch. Wir sehen die verschiedenen Unterdr\u00fcckungsverh\u00e4ltnisse als sich wechselseitig stabilisierend an.<\/p>\n<p><strong>Solidarit\u00e4t und Abgrenzung<\/strong><br \/>\nWir solidarisieren uns mit anderen emanzipatorischen Bewegungen und suchen nach Schnittstellen und B\u00fcndnissen mit ihnen. Auf unseren Veranstaltungen gilt daher konsequenterweise, dass nationalistische, sexistische, rassistische, homo-, inter- und transfeindliche Menschen, sowie <span class=\"author-a-z83zz86zwrz68zz90zvz78zu2z83zz80zz70zz122zz89zb\">Anh\u00e4nger*innen von Verschw\u00f6rungsmythen<\/span> und Querfrontler*innen aller Art nicht erw\u00fcnscht sind. Auch haben Antisemitismus, Ableismus, Klassismus, Lookismus und andere Diskriminierungsformen keinen Platz bei uns!<\/p>\n","protected":false},"excerpt":{"rendered":"<p>Wir, die Tierbefreier*innen Leipzig sind eine Ortsgruppe des tierbefreier*innen e.V., der seit inzwischen schon 40 Jahren f\u00fcr die \u00dcberwindung jeglicher Tierausbeutung k\u00e4mpft. Unsere Motivation In unserer heutigen, kapitalistischen Gesellschaft erscheinen nichtmenschliche Tiere nicht als Individuen sondern als Waren und sind der Verf\u00fcgungsgewalt der Menschen meist v\u00f6llig wehrlos ausgeliefert. So genannte \u201cNutztiere\u201d werden milliardenfach gez\u00fcchtet, gem\u00e4stet [&hellip;]<\/p>\n","protected":false},"author":10,"featured_media":665,"parent":0,"menu_order":1,"comment_status":"closed","ping_status":"closed","template":"","meta":{"footnotes":""},"class_list":["post-1280","page","type-page","status-publish","has-post-thumbnail","hentry"],"_links":{"self":[{"href":"https:\/\/tierbefreier.org\/tbleipzig\/wp-json\/wp\/v2\/pages\/1280","targetHints":{"allow":["GET"]}}],"collection":[{"href":"https:\/\/tierbefreier.org\/tbleipzig\/wp-json\/wp\/v2\/pages"}],"about":[{"href":"https:\/\/tierbefreier.org\/tbleipzig\/wp-json\/wp\/v2\/types\/page"}],"author":[{"embeddable":true,"href":"https:\/\/tierbefreier.org\/tbleipzig\/wp-json\/wp\/v2\/users\/10"}],"replies":[{"embeddable":true,"href":"https:\/\/tierbefreier.org\/tbleipzig\/wp-json\/wp\/v2\/comments?post=1280"}],"version-history":[{"count":5,"href":"https:\/\/tierbefreier.org\/tbleipzig\/wp-json\/wp\/v2\/pages\/1280\/revisions"}],"predecessor-version":[{"id":2044,"href":"https:\/\/tierbefreier.org\/tbleipzig\/wp-json\/wp\/v2\/pages\/1280\/revisions\/2044"}],"wp:featuredmedia":[{"embeddable":true,"href":"https:\/\/tierbefreier.org\/tbleipzig\/wp-json\/wp\/v2\/media\/665"}],"wp:attachment":[{"href":"https:\/\/tierbefreier.org\/tbleipzig\/wp-json\/wp\/v2\/media?parent=1280"}],"curies":[{"name":"wp","href":"https:\/\/api.w.org\/{rel}","templated":true}]}}